{"id":1478,"date":"2018-06-01T11:04:22","date_gmt":"2018-06-01T09:04:22","guid":{"rendered":"http:\/\/ccr.cat\/avis-legal\/"},"modified":"2018-06-01T11:04:22","modified_gmt":"2018-06-01T09:04:22","slug":"avis-legal","status":"publish","type":"page","link":"https:\/\/ccr.cat\/es\/avis-legal\/","title":{"rendered":"Av\u00eds legal"},"content":{"rendered":"<p>En compliment de la Llei 34\/2002, de 11 de juliol, de Serveis de la Societat de la Informaci\u00f3 i Comer\u00e7 Electr\u00f2nic, s&#8217;indiquen les dades d&#8217;informaci\u00f3 general de\u00a0<a href=\"http:\/\/ccr.cat\/\">http:\/\/ccr.cat\/<\/a><\/p>\n<p><strong>Titular:<\/strong>\u00a0Fundaci\u00f3 Privada Acad\u00e8mia de Ci\u00e8ncies M\u00e8diques i de la Salut de Catalunya i de Balears. Consell Catal\u00e0 de Ressuscitaci\u00f3<\/p>\n<p><strong>C.I.F.:<\/strong>\u00a0G61421418<\/p>\n<p><strong>Tipus d&#8217;activitat:<\/strong>\u00a0Entitat de car\u00e0cter cient\u00edfic i cultural, sense finalitat lucrativa, de duraci\u00f3 indefinida<\/p>\n<p><strong>Adre\u00e7a:<\/strong>\u00a0Carrer Major de Can Caralleu 1-7 de Barcelona<\/p>\n<p><strong>Contacte:<\/strong>\u00a0<a href=\"mailto:academia@academia.cat\">academia@academia.cat<\/a><\/p>\n<p><strong>Dades registrals:<\/strong>\u00a0inscrita amb el n\u00famero 1038 al registre de Fundacions de la Generalitat de Catalunya<\/p>\n","protected":false},"excerpt":{"rendered":"<p>En compliment de la Llei 34\/2002, de 11 de juliol, de Serveis de la Societat de la Informaci\u00f3 i Comer\u00e7 Electr\u00f2nic, s&#8217;indiquen les dades d&#8217;informaci\u00f3 general de\u00a0http:\/\/ccr.cat\/ Titular:\u00a0Fundaci\u00f3 Privada Acad\u00e8mia de Ci\u00e8ncies M\u00e8diques i de la Salut de Catalunya i de Balears. Consell Catal\u00e0 de Ressuscitaci\u00f3 C.I.F.:\u00a0G61421418 Tipus d&#8217;activitat:\u00a0Entitat de car\u00e0cter cient\u00edfic i cultural, sense &hellip; <a href=\"https:\/\/ccr.cat\/es\/avis-legal\/\" class=\"more-link\">Seguir leyendo <span class=\"screen-reader-text\">Av\u00eds legal<\/span> <span class=\"meta-nav\">&rarr;<\/span><\/a><\/p>\n","protected":false},"author":1,"featured_media":0,"parent":0,"menu_order":2,"comment_status":"closed","ping_status":"closed","template":"page-100.php","meta":{"_acf_changed":false,"footnotes":""},"class_list":["post-1478","page","type-page","status-publish","hentry"],"acf":[],"_links":{"self":[{"href":"https:\/\/ccr.cat\/es\/wp-json\/wp\/v2\/pages\/1478","targetHints":{"allow":["GET"]}}],"collection":[{"href":"https:\/\/ccr.cat\/es\/wp-json\/wp\/v2\/pages"}],"about":[{"href":"https:\/\/ccr.cat\/es\/wp-json\/wp\/v2\/types\/page"}],"author":[{"embeddable":true,"href":"https:\/\/ccr.cat\/es\/wp-json\/wp\/v2\/users\/1"}],"replies":[{"embeddable":true,"href":"https:\/\/ccr.cat\/es\/wp-json\/wp\/v2\/comments?post=1478"}],"version-history":[{"count":0,"href":"https:\/\/ccr.cat\/es\/wp-json\/wp\/v2\/pages\/1478\/revisions"}],"wp:attachment":[{"href":"https:\/\/ccr.cat\/es\/wp-json\/wp\/v2\/media?parent=1478"}],"curies":[{"name":"wp","href":"https:\/\/api.w.org\/{rel}","templated":true}]}}