{"id":1477,"date":"2018-06-01T11:08:11","date_gmt":"2018-06-01T09:08:11","guid":{"rendered":"http:\/\/ccr.cat\/proteccio-de-dades\/"},"modified":"2024-11-15T15:23:52","modified_gmt":"2024-11-15T13:23:52","slug":"proteccio-de-dades","status":"publish","type":"page","link":"https:\/\/ccr.cat\/es\/proteccio-de-dades\/","title":{"rendered":"Protecci\u00f3n de dades"},"content":{"rendered":"<p>En virtut del disposat en la Llei 15\/1999, de 13 de desembre, de Protecci\u00f3 de Dades de Car\u00e0cter Personal, li informem que mitjan\u00e7ant l&#8217;emplenament dels formularis, les seves dades personals quedaran incorporades i seran tractades en els fitxers titularitat de \u201cAcad\u00e8mia de Ci\u00e8ncies M\u00e8diques i de la Salut de Catalunya i de Balears\u201d, amb la finalitat de mantenir-li informat, fins i tot per mitjans electr\u00f2nics, sobre q\u00fcestions relatives a l&#8217;activitat de la Acad\u00e8mia de Ci\u00e8ncies M\u00e8diques i de la Salut de Catalunya i de Balears i els seus productes i serveis. En el cas de comunicacions comercials enviades a trav\u00e9s de correu electr\u00f2nic o mitj\u00e0 equivalent, vost\u00e8 ens presta el seu consentiment\u00a0 expr\u00e9s per l\u2019enviament de publicitat per aquest mitj\u00e0. Vost\u00e8 podr\u00e0 revocar, en qualsevol moment i sense efectes retroactius, el consentiment prestat, aix\u00ed com exercir els drets d&#8217;acc\u00e9s, rectificaci\u00f3, cancel\u00b7laci\u00f3 i oposici\u00f3 de les seves dades de car\u00e0cter personal mitjan\u00e7ant correu electr\u00f2nic dirigit a\u00a0<a href=\"mailto:academia@academia.cat\">academia@academia.cat<\/a>\u00a0o b\u00e9 mitjan\u00e7ant un escrit dirigit a \u201cAcad\u00e8mia de Ci\u00e8ncies M\u00e8diques i de la Salut de Catalunya i de Balears\u201d, Carrer Major de Can Caralleu 1-7 de Barcelona, acompanyant sempre una fotoc\u00f2pia del seu D.N.I.<\/p>\n","protected":false},"excerpt":{"rendered":"<p>En virtut del disposat en la Llei 15\/1999, de 13 de desembre, de Protecci\u00f3 de Dades de Car\u00e0cter Personal, li informem que mitjan\u00e7ant l&#8217;emplenament dels formularis, les seves dades personals quedaran incorporades i seran tractades en els fitxers titularitat de \u201cAcad\u00e8mia de Ci\u00e8ncies M\u00e8diques i de la Salut de Catalunya i de Balears\u201d, amb la &hellip; <a href=\"https:\/\/ccr.cat\/es\/proteccio-de-dades\/\" class=\"more-link\">Seguir leyendo <span class=\"screen-reader-text\">Protecci\u00f3n de dades<\/span> <span class=\"meta-nav\">&rarr;<\/span><\/a><\/p>\n","protected":false},"author":1,"featured_media":0,"parent":0,"menu_order":22,"comment_status":"closed","ping_status":"closed","template":"page-100.php","meta":{"_acf_changed":false,"footnotes":""},"class_list":["post-1477","page","type-page","status-publish","hentry"],"acf":[],"_links":{"self":[{"href":"https:\/\/ccr.cat\/es\/wp-json\/wp\/v2\/pages\/1477","targetHints":{"allow":["GET"]}}],"collection":[{"href":"https:\/\/ccr.cat\/es\/wp-json\/wp\/v2\/pages"}],"about":[{"href":"https:\/\/ccr.cat\/es\/wp-json\/wp\/v2\/types\/page"}],"author":[{"embeddable":true,"href":"https:\/\/ccr.cat\/es\/wp-json\/wp\/v2\/users\/1"}],"replies":[{"embeddable":true,"href":"https:\/\/ccr.cat\/es\/wp-json\/wp\/v2\/comments?post=1477"}],"version-history":[{"count":1,"href":"https:\/\/ccr.cat\/es\/wp-json\/wp\/v2\/pages\/1477\/revisions"}],"predecessor-version":[{"id":4861,"href":"https:\/\/ccr.cat\/es\/wp-json\/wp\/v2\/pages\/1477\/revisions\/4861"}],"wp:attachment":[{"href":"https:\/\/ccr.cat\/es\/wp-json\/wp\/v2\/media?parent=1477"}],"curies":[{"name":"wp","href":"https:\/\/api.w.org\/{rel}","templated":true}]}}