{"id":1275,"date":"2018-05-28T15:40:00","date_gmt":"2018-05-28T13:40:00","guid":{"rendered":"http:\/\/ccr.cat\/?page_id=1275"},"modified":"2024-12-13T12:51:44","modified_gmt":"2024-12-13T10:51:44","slug":"grups-de-treball","status":"publish","type":"page","link":"https:\/\/ccr.cat\/es\/grups-de-treball\/","title":{"rendered":"Grupos de trabajo &#8211; Coordinadores Territoriales"},"content":{"rendered":"<ul>\n<li>Los grupos de trabajo son los \u00f3rganos t\u00e9cnicos, encargados de elaborar los contenidos de las actividades propias del CCR. Velan por la correcta realizaci\u00f3n de los cursos a trav\u00e9s de las auditor\u00edas que proponga el Comit\u00e9 ejecutivo. Colaborar con actividades de investigaci\u00f3n. Promover y\/o estar presentes en actividades de divulgaci\u00f3n (jornadas, mesas, etc.). Propuesta de actividades, elaboraci\u00f3n de las actas de reuniones y entregar la memoria anual al CE.<\/li>\n<li>Estaran formados por profesionales calificados en los aspectos propios de cada uno de ellos. Su nombramiento y cese, lo har\u00e1 el comit\u00e9 directivo a propuesta del responsable del \u00e1rea.<\/li>\n<li>Cada grupo de trabajo dispondr\u00e1 de un responsable\/coordinador, nombrado por el CCR a propuesta del Director ejecutivo.<\/li>\n<\/ul>\n<h3>GRUPO DE TRABAJO SV PEDI\u00c1TRICO (SC PEDIATR\u00cdA)<\/h3>\n<table id=\"tablepress-5\" class=\"tablepress tablepress-id-5\" style=\"width: 473px;\">\n<thead>\n<tr class=\"row-1 odd\">\n<th class=\"column-1\" style=\"width: 473px;\">Responsables:<\/th>\n<\/tr>\n<\/thead>\n<tbody class=\"row-hover\">\n<tr>\n<td style=\"width: 473px;\" width=\"256\">Antonio de Francisco Pr\u00f3fumo<\/td>\n<\/tr>\n<tr>\n<td style=\"width: 473px;\" width=\"256\">Maria Elena May Llanas<\/td>\n<\/tr>\n<tr>\n<td style=\"width: 473px;\" width=\"256\">Abel Mart\u00ednez Mejias<\/td>\n<\/tr>\n<tr>\n<td style=\"width: 473px;\" width=\"256\">Sonia Bri\u00f3 Sanagustin<\/td>\n<\/tr>\n<tr>\n<td style=\"width: 473px;\" width=\"256\">Carolina Trujillo Cuadra<\/td>\n<\/tr>\n<\/tbody>\n<\/table>\n<h3>GRUPO DE TRABAJO DE SVB \/ PRIMEROS AUXILIOS<\/h3>\n<table id=\"tablepress-5\" class=\"tablepress tablepress-id-5\" style=\"width: 473px;\">\n<thead>\n<tr class=\"row-1 odd\">\n<th class=\"column-1\" style=\"width: 473px;\">Responsables:<\/th>\n<\/tr>\n<\/thead>\n<tbody class=\"row-hover\">\n<tr>\n<td style=\"width: 473px;\" width=\"256\"><\/td>\n<\/tr>\n<tr>\n<td style=\"width: 473px;\" width=\"256\">Joan Camps Palomino<\/td>\n<\/tr>\n<tr>\n<td style=\"width: 473px;\" width=\"256\">Francisco Jos\u00e9 Carb\u00f3 Pacheco<\/td>\n<\/tr>\n<tr>\n<td style=\"width: 473px;\" width=\"256\">Maria del Mar Fernandez Alcarria<\/td>\n<\/tr>\n<tr>\n<td style=\"width: 473px;\" width=\"256\">\u00d3scar Huerta Guti\u00e9rrez<\/td>\n<\/tr>\n<tr>\n<td style=\"width: 473px;\" width=\"256\">Juan Montoya Miguel<\/td>\n<\/tr>\n<tr>\n<td style=\"width: 473px;\" width=\"256\">Rub\u00e9n Servi\u00e1n Epa\u00f1a<\/td>\n<\/tr>\n<\/tbody>\n<\/table>\n<h3>GRUPO DE TRABAJO DE SVI\/SVA<\/h3>\n<table id=\"tablepress-6\" class=\"tablepress tablepress-id-6\" style=\"width: 473px;\">\n<thead>\n<tr class=\"row-1 odd\">\n<th class=\"column-1\" style=\"width: 473px;\"><\/th>\n<\/tr>\n<\/thead>\n<tbody class=\"row-hover\">\n<tr>\n<td style=\"width: 473px;\" width=\"256\"><\/td>\n<\/tr>\n<tr>\n<td style=\"width: 473px;\" width=\"256\"><\/td>\n<\/tr>\n<tr>\n<td style=\"width: 473px;\" width=\"256\"><\/td>\n<\/tr>\n<tr>\n<td style=\"width: 473px;\" width=\"256\"><\/td>\n<\/tr>\n<tr>\n<td style=\"width: 473px;\" width=\"256\"><\/td>\n<\/tr>\n<tr>\n<td style=\"width: 473px;\" width=\"256\"><\/td>\n<\/tr>\n<tr>\n<td style=\"width: 473px;\" width=\"256\"><\/td>\n<\/tr>\n<tr>\n<td style=\"width: 473px;\" width=\"256\"><\/td>\n<\/tr>\n<\/tbody>\n<\/table>\n<h3>GRUPO DE TRABAJO DE SVAT<\/h3>\n<table id=\"tablepress-8\" class=\"tablepress tablepress-id-8\" style=\"width: 473px;\">\n<thead>\n<tr class=\"row-1 odd\">\n<th class=\"column-1\" style=\"width: 473px;\">Responsables:<\/th>\n<\/tr>\n<\/thead>\n<tbody class=\"row-hover\">\n<tr>\n<td style=\"width: 473px;\" width=\"256\">Miguel \u00c1ngel Gonz\u00e1lez Posada<\/td>\n<\/tr>\n<tr>\n<td style=\"width: 473px;\" width=\"256\">Gilberto Alonso Fern\u00e1ndez<\/td>\n<\/tr>\n<tr>\n<td style=\"width: 473px;\" width=\"256\">Alfons Biarn\u00e9s Su\u00f1\u00e9<\/td>\n<\/tr>\n<tr>\n<td style=\"width: 473px;\" width=\"256\">Francisco Javier Escalada Roig<\/td>\n<\/tr>\n<tr>\n<td style=\"width: 473px;\" width=\"256\">Jos\u00e9 Manuel Naya Sierio<\/td>\n<\/tr>\n<tr>\n<td style=\"width: 473px;\" width=\"256\">M\u00aa del Mar Pamplona Negre<\/td>\n<\/tr>\n<tr>\n<td style=\"width: 473px;\" width=\"256\">Jos\u00e9 Antonio Prieto Arru\u00f1ada<\/td>\n<\/tr>\n<tr>\n<td style=\"width: 473px;\" width=\"256\">Judit Vilanova Corsellas<\/td>\n<\/tr>\n<\/tbody>\n<\/table>\n<h3>GRUPO DE TRABAJO DE SV ESCUELAS<\/h3>\n<table id=\"tablepress-9\" class=\"tablepress tablepress-id-9\" style=\"width: 100%; height: 126px;\">\n<thead>\n<tr class=\"row-1 odd\" style=\"height: 18px;\">\n<th class=\"column-1\" style=\"height: 18px;\">Responsables:<\/th>\n<\/tr>\n<\/thead>\n<tbody class=\"row-hover\">\n<tr class=\"row-2 even\" style=\"height: 18px;\">\n<td class=\"column-1\" style=\"height: 18px;\"><\/td>\n<\/tr>\n<tr class=\"row-3 odd\" style=\"height: 18px;\">\n<td class=\"column-1\" style=\"height: 18px;\"><\/td>\n<\/tr>\n<tr class=\"row-5 odd\" style=\"height: 18px;\">\n<td class=\"column-1\" style=\"height: 18px;\"><\/td>\n<\/tr>\n<tr class=\"row-6 even\" style=\"height: 18px;\">\n<td class=\"column-1\" style=\"height: 18px;\"><\/td>\n<\/tr>\n<tr class=\"row-7 odd\" style=\"height: 18px;\">\n<td class=\"column-1\" style=\"height: 18px;\"><\/td>\n<\/tr>\n<tr class=\"row-8 even\" style=\"height: 18px;\">\n<td class=\"column-1\" style=\"height: 18px;\"><\/td>\n<\/tr>\n<\/tbody>\n<\/table>\n<h3>PARTICIPACION EN OTROS GRUPOS DE TRABAJO DEL ERC<\/h3>\n<table id=\"tablepress-10\" class=\"tablepress tablepress-id-10\">\n<tbody class=\"row-hover\">\n<tr class=\"row-1 odd\">\n<td class=\"column-1\">Membre del Science and Education Committee SVB<\/td>\n<td class=\"column-2\">Jos\u00e9 Manuel Giraldo<\/td>\n<\/tr>\n<tr class=\"row-2 even\">\n<td class=\"column-1\"><\/td>\n<td class=\"column-2\"><\/td>\n<\/tr>\n<tr class=\"row-3 odd\">\n<td class=\"column-1\"><\/td>\n<td class=\"column-2\"><\/td>\n<\/tr>\n<tr class=\"row-4 even\">\n<td class=\"column-1\"><\/td>\n<td class=\"column-2\"><\/td>\n<\/tr>\n<tr class=\"row-5 odd\">\n<td class=\"column-1\"><\/td>\n<td class=\"column-2\"><\/td>\n<\/tr>\n<tr class=\"row-6 even\">\n<td class=\"column-1\"><\/td>\n<td class=\"column-2\"><\/td>\n<\/tr>\n<\/tbody>\n<\/table>\n<h3>\u00c1REA CIENT\u00cdFICA<\/h3>\n<p><i><b><u>Funciones<\/u><\/b><\/i><\/p>\n<ul>\n<li>Revisar las recomendaciones internacionales y participar en su elaboraci\u00f3n.<\/li>\n<li>Proponer y realizar estudios cl\u00ednicos y de investigaci\u00f3n.<\/li>\n<li>Participar y revisar las publicaciones del CCR.<\/li>\n<li>Revisar las publicaciones de otras entidades que soliciten la acreditaci\u00f3n del CCR y hacer la recomendaci\u00f3n al comit\u00e9 directivo.<\/li>\n<\/ul>\n<p><i><b><u>Composici\u00f3n<\/u><\/b><\/i><\/p>\n<p>Estar\u00e1n formados por profesionales calificados en los aspectos propios de esta \u00e1rea. Su nombramiento y cese lo har\u00e1 el comit\u00e9 directivo a propuesta del responsable del \u00e1rea.<b>\u00a0<\/b><\/p>\n<h3>ENTIDADES COLABORADORAS Y\/O ASOCIADAS<\/h3>\n<p>Debido a que hay entidades, instituciones, empresas y personas que, sin pertenecer a ninguna de las Sociedades cient\u00edficas fundadoras del CCR, tienen inter\u00e9s y participaci\u00f3n en la difusi\u00f3n del Soporte Vital, se crear\u00e1 un foro de participaci\u00f3n, en forma de comit\u00e9 consultivo o de asamblea.<\/p>\n<h3>COORDINADORES TERRITORIALES<\/h3>\n<table id=\"tablepress-11\" class=\"tablepress tablepress-id-11\">\n<tbody class=\"row-hover\">\n<tr>\n<td>ALT EMPORD\u00c0<\/td>\n<td>Ramon Batalla Llord\u00e9s \/ Manuel Vicente Carrascal<\/td>\n<\/tr>\n<tr class=\"row-1 odd\">\n<td class=\"column-1\">ANDORRA \/ ALT URGELL<\/td>\n<td class=\"column-2\">Antoni Margarit Ribas<\/td>\n<\/tr>\n<tr class=\"row-2 even\">\n<td class=\"column-1\">ANOIA<\/td>\n<td class=\"column-2\">Josep M. Soto Ejarque<\/td>\n<\/tr>\n<tr class=\"row-3 odd\">\n<td class=\"column-1\">BAGES<\/td>\n<td class=\"column-2\">Isabel Roig Grau\/ \u00c1ngel Olucha Ca\u00f1izares<\/td>\n<\/tr>\n<tr class=\"row-4 even\">\n<td class=\"column-1\">BARCELONA<\/td>\n<td class=\"column-2\">Ricard Molina Latorre \/ JC Ruiz Rodr\u00edguez<\/td>\n<\/tr>\n<tr class=\"row-5 odd\">\n<td class=\"column-1\">BCN NORD i MARESME<\/td>\n<td class=\"column-2\">Pepe Gil Valera<\/td>\n<\/tr>\n<tr class=\"row-6 even\">\n<td class=\"column-1\">CERDANYA<\/td>\n<td class=\"column-2\">Enric Subirats \/ Xavier Caralt Cases<\/td>\n<\/tr>\n<tr class=\"row-7 odd\">\n<td class=\"column-1\">COSTA PONENT<\/td>\n<td class=\"column-2\">Juli\u00e1n Berrade Zubiri<\/td>\n<\/tr>\n<tr class=\"row-8 even\">\n<td class=\"column-1\">GARRAF<\/td>\n<td class=\"column-2\">Pere Lanau Fuster<\/td>\n<\/tr>\n<tr class=\"row-9 odd\">\n<td class=\"column-1\">GIRONA<\/td>\n<td class=\"column-2\">Josep Olivet Pujol<\/td>\n<\/tr>\n<tr class=\"row-10 even\">\n<td class=\"column-1\">LLEIDA &#8211; Prim\u00e1ria<\/td>\n<td class=\"column-2\">Elisabet Javierre Fontanet<\/td>\n<\/tr>\n<tr>\n<td>LLEIDA &#8211; Hospital<\/td>\n<td>Pendent<\/td>\n<\/tr>\n<tr class=\"row-11 odd\">\n<td class=\"column-1\">OSONA<\/td>\n<td class=\"column-2\">Teresa Planella Rius\/ Rosa M. Catal\u00e1n Ibars<\/td>\n<\/tr>\n<tr class=\"row-12 even\">\n<td class=\"column-1\">TARRAGONA \/ REUS<\/td>\n<td class=\"column-2\">Carme Boqu\u00e9 Oliva \/ Imma Vallverd\u00fa<\/td>\n<\/tr>\n<tr class=\"row-13 odd\">\n<td class=\"column-1\">TERRES DE L\u2019EBRE<\/td>\n<td class=\"column-2\">Jos\u00e9 Tom\u00e0s Fos Ortells<\/td>\n<\/tr>\n<tr class=\"row-14 even\">\n<td class=\"column-1\">VALL\u00c9S OCCIDENTAL &#8211; Terrassa<\/td>\n<td class=\"column-2\">Baltasar S\u00e1nchez Gonz\u00e1lez<\/td>\n<\/tr>\n<tr>\n<td>VALL\u00c9S OCCIDENTAL &#8211; Sabadell<\/td>\n<td>Bernat S\u00e1nchez Cuadal<\/td>\n<\/tr>\n<tr class=\"row-15 odd\">\n<td class=\"column-1\">VALL\u00c9S ORIENTAL &#8211; Granollers<\/td>\n<td class=\"column-2\">Pau Garro Mart\u00ednez\/ Pablo Velasco Condado<\/td>\n<\/tr>\n<tr>\n<td>CREU ROJA<\/td>\n<td>Francesc Coll Mart\u00ednez<\/td>\n<\/tr>\n<tr>\n<td>ISPC<\/td>\n<td>Miquel Vidal Dom\u00ednguez<\/td>\n<\/tr>\n<tr>\n<td>SEM<\/td>\n<td>F. Xavier Jim\u00e9nez F\u00e0bregas<\/td>\n<\/tr>\n<\/tbody>\n<\/table>\n<p>&nbsp;<\/p>\n","protected":false},"excerpt":{"rendered":"<p>Los grupos de trabajo son los \u00f3rganos t\u00e9cnicos, encargados de elaborar los contenidos de las actividades propias del CCR. Velan por la correcta realizaci\u00f3n de los cursos a trav\u00e9s de las auditor\u00edas que proponga el Comit\u00e9 ejecutivo. Colaborar con actividades de investigaci\u00f3n. Promover y\/o estar presentes en actividades de divulgaci\u00f3n (jornadas, mesas, etc.). Propuesta de &hellip; <a href=\"https:\/\/ccr.cat\/es\/grups-de-treball\/\" class=\"more-link\">Seguir leyendo <span class=\"screen-reader-text\">Grupos de trabajo &#8211; Coordinadores Territoriales<\/span> <span class=\"meta-nav\">&rarr;<\/span><\/a><\/p>\n","protected":false},"author":1,"featured_media":0,"parent":0,"menu_order":12,"comment_status":"closed","ping_status":"closed","template":"page-100.php","meta":{"_acf_changed":false,"footnotes":""},"class_list":["post-1275","page","type-page","status-publish","hentry"],"acf":[],"_links":{"self":[{"href":"https:\/\/ccr.cat\/es\/wp-json\/wp\/v2\/pages\/1275","targetHints":{"allow":["GET"]}}],"collection":[{"href":"https:\/\/ccr.cat\/es\/wp-json\/wp\/v2\/pages"}],"about":[{"href":"https:\/\/ccr.cat\/es\/wp-json\/wp\/v2\/types\/page"}],"author":[{"embeddable":true,"href":"https:\/\/ccr.cat\/es\/wp-json\/wp\/v2\/users\/1"}],"replies":[{"embeddable":true,"href":"https:\/\/ccr.cat\/es\/wp-json\/wp\/v2\/comments?post=1275"}],"version-history":[{"count":29,"href":"https:\/\/ccr.cat\/es\/wp-json\/wp\/v2\/pages\/1275\/revisions"}],"predecessor-version":[{"id":4878,"href":"https:\/\/ccr.cat\/es\/wp-json\/wp\/v2\/pages\/1275\/revisions\/4878"}],"wp:attachment":[{"href":"https:\/\/ccr.cat\/es\/wp-json\/wp\/v2\/media?parent=1275"}],"curies":[{"name":"wp","href":"https:\/\/api.w.org\/{rel}","templated":true}]}}