{"id":1261,"date":"2018-05-28T15:14:15","date_gmt":"2018-05-28T13:14:15","guid":{"rendered":"http:\/\/ccr.cat\/?page_id=1261"},"modified":"2024-12-13T12:49:00","modified_gmt":"2024-12-13T10:49:00","slug":"organigrama","status":"publish","type":"page","link":"https:\/\/ccr.cat\/es\/organigrama\/","title":{"rendered":"Organigrama"},"content":{"rendered":"<h3>Consell Catal\u00e0 de Ressuscitaci\u00f3: CCR<\/h3>\n<p><strong>\u00d3RGANOS DE REPRESENTACI\u00d3N Y GOVIERNO<\/strong><\/p>\n<p><strong>1.- MIEMBROS DEL CCR.-<\/strong><\/p>\n<p>El CCR est\u00e1 formado por las Sociedades cient\u00edficas de la Fundaci\u00f3n Acad\u00e8mia de Ciencias M\u00e9dicas y de la Salut de Catalu\u00f1a y Baleares: Sociedad Catalana de Anestesiolog\u00eda, Reanimaci\u00f3n y Terap\u00e9utica del Dolor <strong>(Anestesia)<\/strong>, Sociedad Catalana de Medicina Familiar i Comunitaria <strong>(Medicina Familiar)<\/strong>, Sociedad Catalana de Cardiologia <strong>(Cardiologia)<\/strong>, Sociedad Catalana de Medicina Intensiva i Cr\u00edtica <strong>(Intensivos)<\/strong>, Sociedad Catalana de Pediatria <strong>(Pediatria)<\/strong> y Sociedad Catalana de Medicina de Urgencias i Emergencias <strong>(Urgencias)<\/strong>.<\/p>\n<p><strong>2.- \u00d3RGANOS DE GOVIERNO. &#8211;<\/strong><\/p>\n<p>La organizaci\u00f3n tiene una estructura representativa y una ejecutiva.<\/p>\n<ul>\n<li>\u00a0 La representativa responde al papel de las Sociedades integrantes del acuerdo como a m\u00e1ximos responsables del CCR, garantes de la unidad de acci\u00f3n y facilitar y hacer posible los objetivos fundacionales.<\/li>\n<li>A la ejecutiva le corresponde llevar a cabo las acciones y propuestas necesarias por tal de conseguir los objetivos marcados por el Consell. Su composici\u00f3n la forman profesionales expertos a propuesta del Director ejecutivo. Estos profesionales a pesar de tener la sensibilidad propia de su Especialidad \/ Sociedad y aportarla, no act\u00faan como representantes de las Sociedades dentro del Comit\u00e9 Directivo (C.D.).<\/li>\n<\/ul>\n<p><strong>\u00a0\u00a0\u00a0\u00a0\u00a0 <\/strong><strong>2.1.-\u00a0 JUNTA DEL CONSELL CATALA DE RESSUSCITACI\u00d3.<\/strong><\/p>\n<ul>\n<li style=\"list-style-type: none;\">\n<ul>\n<li>Es el \u00f3rgano representativo de las Sociedades Cient\u00edficas, miembros de la Academia.<\/li>\n<li>Est\u00e1 compuesto por dos representantes por cada una de las sociedades, pero con un solo voto.<\/li>\n<li>Tambi\u00e9n forma parte el Director Ejecutivo (D.E) con voz y sin voto.<\/li>\n<li>Los miembros del Consell no podr\u00e1n formar parte del Comit\u00e9 Ejecutivo.<\/li>\n<\/ul>\n<\/li>\n<\/ul>\n<p><strong>\u00a0\u00a0\u00a0\u00a0\u00a0\u00a0\u00a0\u00a0\u00a0\u00a0\u00a0\u00a0\u00a0 2.1.1.- CARGOS. <\/strong><\/p>\n<ul>\n<li style=\"list-style-type: none;\">\n<ul>\n<li>PRESIDENTE &#8211; rotatorio por orden predeterminado con una duraci\u00f3n de 2 a\u00f1os.<\/li>\n<li>VICEPRESIDENTE &#8211; er\u00e1 el pr\u00f3ximo Presidente a los dos a\u00f1os, relevante al Presidente<\/li>\n<li>VOCALES &#8211; Podr\u00e1n tener funciones espec\u00edficas temporales o no.<strong> \u00a0\u00a0\u00a0\u00a0\u00a0\u00a0\u00a0\u00a0\u00a0\u00a0 \u00a0\u00a0\u00a0\u00a0 <\/strong><\/li>\n<\/ul>\n<\/li>\n<\/ul>\n<p><strong>\u00a0 \u00a0 \u00a0 \u00a0 \u00a0 \u00a0 \u00a0 \u00a0 \u00a0 2.1.2.- FUNCIONES Y ATRIBUCIONES. <\/strong><\/p>\n<p><strong>\u00a0\u00a0\u00a0\u00a0\u00a0\u00a0\u00a0\u00a0\u00a0\u00a0\u00a0\u00a0\u00a0\u00a0\u00a0\u00a0\u00a0\u00a0\u00a0 <\/strong><strong>2.1.2.1.- DEL PRESIDENTE<\/strong><\/p>\n<ul>\n<li style=\"list-style-type: none;\">\n<ul>\n<li style=\"list-style-type: none;\">\n<ul>\n<li style=\"list-style-type: none;\">\n<ul>\n<li>Representar al CCR en los actos institucionales<\/li>\n<li>Convocar al Consell 3 veces al a\u00f1o, cuando as\u00ed lo pida una de las Sociedades, cuando lo considere necesario o a petici\u00f3n del Director Ejecutivo<\/li>\n<li>Firmar los convenios de colaboraci\u00f3n con las entidades de car\u00e1cter institucional o que por sus caracter\u00edsticas as\u00ed se considere.<\/li>\n<li>Disponer de Tarjeta de Cr\u00e9dito para gastos propios de la Junta. Cualquier gasto ser\u00e1 comunicado al Tesorero del Comit\u00e9 Directivo (C.D.).<\/li>\n<\/ul>\n<\/li>\n<\/ul>\n<\/li>\n<\/ul>\n<\/li>\n<\/ul>\n<p><strong>\u00a0\u00a0\u00a0\u00a0\u00a0\u00a0\u00a0\u00a0\u00a0\u00a0\u00a0\u00a0\u00a0\u00a0\u00a0\u00a0\u00a0\u00a0 2.1-2.2.- DEL VICEPRESIDENTE<\/strong><\/p>\n<ul>\n<li style=\"list-style-type: none;\">\n<ul>\n<li style=\"list-style-type: none;\">\n<ul>\n<li style=\"list-style-type: none;\">\n<ul>\n<li>Asumir\u00e1 la Presidencia als 2 a\u00f1os.<\/li>\n<li>Sustituir\u00e1 al Presidente si es necesario o por delegaci\u00f3n de este.<\/li>\n<li>Asumir responsabilidades espec\u00edficas que se deciden en junta.<\/li>\n<\/ul>\n<\/li>\n<\/ul>\n<\/li>\n<\/ul>\n<\/li>\n<\/ul>\n<p><strong>\u00a0\u00a0\u00a0\u00a0\u00a0\u00a0\u00a0\u00a0\u00a0\u00a0\u00a0\u00a0\u00a0\u00a0\u00a0\u00a0\u00a0 2.1.2.3.- DE LA JUNTA DEL CONSELL <\/strong><\/p>\n<ul>\n<li style=\"list-style-type: none;\">\n<ul>\n<li style=\"list-style-type: none;\">\n<ul>\n<li style=\"list-style-type: none;\">\n<ul>\n<li>Definir los objetivos generales y estrat\u00e9gicos.<\/li>\n<li>Aprobar les actividades del CCR, de cualquier tipo, siempre que estos lleven la acreditaci\u00f3n del CCR.<\/li>\n<li>Aprobar, si es necesario, los presupuestos anuales presentados por el Director Ejecutivo.<\/li>\n<li>Aprobar, si es necesario, gastos imprevistos o no presupuestados, siempre que la cantidad sobrepase a la del cap\u00edtulo de imprevistos presente al presupuesto aprobado, a propuesta del Director Ejecutivo.<\/li>\n<li>Aprobar la Memoria anual de actividades y econ\u00f3mica.<\/li>\n<li>Nombrar y cesar al Director Ejecutivo.<\/li>\n<li>Nombrar y cesar a propuesta del Director Ejecutivo a los miembros del comit\u00e9 de direcci\u00f3n.<\/li>\n<li>Nombrar a los miembros representantes de las sociedades por el Jurado de premios y becas.<\/li>\n<li>Resolver posibles discrepancias o conflictos que puedan presentarse.<\/li>\n<li>Decidir, a la vista del estado de cuentas anuales, a que se destinan los super\u00e1vits si est\u00e1n presentes.<\/li>\n<\/ul>\n<\/li>\n<\/ul>\n<\/li>\n<\/ul>\n<\/li>\n<\/ul>\n<ul>\n<li style=\"list-style-type: none;\">\n<ul>\n<li style=\"list-style-type: none;\"><\/li>\n<\/ul>\n<\/li>\n<\/ul>\n<p><strong>\u00a0<\/strong><\/p>\n<p>&nbsp;<\/p>\n<p>&nbsp;<\/p>\n","protected":false},"excerpt":{"rendered":"<p>Consell Catal\u00e0 de Ressuscitaci\u00f3: CCR \u00d3RGANOS DE REPRESENTACI\u00d3N Y GOVIERNO 1.- MIEMBROS DEL CCR.- El CCR est\u00e1 formado por las Sociedades cient\u00edficas de la Fundaci\u00f3n Acad\u00e8mia de Ciencias M\u00e9dicas y de la Salut de Catalu\u00f1a y Baleares: Sociedad Catalana de Anestesiolog\u00eda, Reanimaci\u00f3n y Terap\u00e9utica del Dolor (Anestesia), Sociedad Catalana de Medicina Familiar i Comunitaria (Medicina &hellip; <a href=\"https:\/\/ccr.cat\/es\/organigrama\/\" class=\"more-link\">Seguir leyendo <span class=\"screen-reader-text\">Organigrama<\/span> <span class=\"meta-nav\">&rarr;<\/span><\/a><\/p>\n","protected":false},"author":1,"featured_media":0,"parent":0,"menu_order":11,"comment_status":"closed","ping_status":"closed","template":"page-100.php","meta":{"_acf_changed":false,"footnotes":""},"class_list":["post-1261","page","type-page","status-publish","hentry"],"acf":[],"_links":{"self":[{"href":"https:\/\/ccr.cat\/es\/wp-json\/wp\/v2\/pages\/1261","targetHints":{"allow":["GET"]}}],"collection":[{"href":"https:\/\/ccr.cat\/es\/wp-json\/wp\/v2\/pages"}],"about":[{"href":"https:\/\/ccr.cat\/es\/wp-json\/wp\/v2\/types\/page"}],"author":[{"embeddable":true,"href":"https:\/\/ccr.cat\/es\/wp-json\/wp\/v2\/users\/1"}],"replies":[{"embeddable":true,"href":"https:\/\/ccr.cat\/es\/wp-json\/wp\/v2\/comments?post=1261"}],"version-history":[{"count":11,"href":"https:\/\/ccr.cat\/es\/wp-json\/wp\/v2\/pages\/1261\/revisions"}],"predecessor-version":[{"id":4875,"href":"https:\/\/ccr.cat\/es\/wp-json\/wp\/v2\/pages\/1261\/revisions\/4875"}],"wp:attachment":[{"href":"https:\/\/ccr.cat\/es\/wp-json\/wp\/v2\/media?parent=1261"}],"curies":[{"name":"wp","href":"https:\/\/api.w.org\/{rel}","templated":true}]}}