{"id":1247,"date":"2018-05-28T13:19:36","date_gmt":"2018-05-28T11:19:36","guid":{"rendered":"http:\/\/ccr.cat\/?page_id=1247"},"modified":"2018-05-28T15:30:42","modified_gmt":"2018-05-28T13:30:42","slug":"consell-catala-de-ressuscitacio","status":"publish","type":"page","link":"https:\/\/ccr.cat\/es\/consell-catala-de-ressuscitacio\/","title":{"rendered":"CONSELL CATAL\u00c0 DE RESSUSCITACI\u00d3"},"content":{"rendered":"<h3><strong>\u00bfQui\u00e9n somos?<\/strong><\/h3>\n<p>En septiembre de 2003 se firm\u00f3 un acuerdo entre las Sociedades cient\u00edficas de Anestesia y Reanimaci\u00f3n, de Cardiolog\u00eda, de Medicina Intensiva y cr\u00edtica, de Medicina Familiar y Comunitaria, de Urgencias y Emergencias y de Pediatr\u00eda que pertenecen al Acad\u00e8mia de Ci\u00e8ncies M\u00e8diques i de la Salut de Catalunya i de Balears, por el que se constituy\u00f3 el Consejo Catal\u00e1n de Resucitaci\u00f3n (CCR).<\/p>\n<p>El CCR surge con la voluntad de ser una organizaci\u00f3n abierta a la sociedad, multidisciplinar en cuanto a las especialidades m\u00e9dicas y transversal en cuanto a los colectivos profesionales. Quiere ser capaz de aglutinar, de impulsar y colaborar con todas las entidades y profesionales, el \u00e1mbito de actuaci\u00f3n est\u00e9 total o parcialmente vinculado al soporte vital.<\/p>\n<p>Su finalidad, pues, es promover, coordinar y estandarizar las actividades formativas, de investigaci\u00f3n, de difusi\u00f3n y de buenas pr\u00e1cticas en soporte vital y resucitaci\u00f3n cardiopulmonar en Catalu\u00f1a. Esta actividad, de incidencia directa en la promoci\u00f3n y prevenci\u00f3n de la salud, se desarrolla siguiendo las directrices de la European Ressuscitation Council (ERC), organismo al que el CCR est\u00e1 vinculado y que ha homologado a partir de 2015 y con la firma del acuerdo con el CERCP en 2017 a nuestros instructores y nuestros cursos.<\/p>\n<h3><strong>\u00bfQu\u00e9 hacemos?<\/strong><\/h3>\n<ol>\n<li>Formaci\u00f3n de formadores. De acuerdo con las necesidades de instructores de una zona determinada o de determinadas estructuras docentes de colectivos, el CCR convoca, organiza y gestiona los cursos de formadores en las diversas categor\u00edas del Soporte Vital. A tal efecto establece una normativa donde se regulan los criterios para ser candidato a instructores. Asimismo cuida de la actualizaci\u00f3n de los mismos en los cambios de gu\u00edas del ERC.<\/li>\n<li>Documentaci\u00f3n. El CCR ha efectuado la traducci\u00f3n al catal\u00e1n del Manual de Resucitaci\u00f3n Cardiopulmonar con Desfibrilaci\u00f3n Externa Autom\u00e1tica (1\u00aa, 2\u00aa y 3\u00aa Edici\u00f3n), del Manual de Soporte Vital Inmediato (1\u00aa y 2\u00aa Edici\u00f3n), del Manual de Soporte Vital Avanzado (1\u00aa edici\u00f3n), del Resumen ejecutivo de las Gu\u00edas 2010, 2015 y los Posters del ERC. Ha colaborado en la traducci\u00f3n castellana del Manual de Soporte Vital Avanzado.<\/li>\n<li>Grupos de trabajo. Con el fin de profundizar y tratar los contenidos de los cursos el CCR ha organizado 6 grupos de trabajo en torno al apoyo Vital. Estos grupos establecen los contenidos docentes de los diversos cursos y la documentaci\u00f3n para su gesti\u00f3n as\u00ed como los contenidos de las evaluaciones. Uno de los grupos de trabajo se centra en los aspectos de conocimiento e investigaci\u00f3n y otro es el que ha desarrollado el Programa de Formaci\u00f3n curricular en los centros educativos de Catalunya.<\/li>\n<li>Control de calidad de los cursos. A trav\u00e9s de las auditor\u00edas y del seguimiento de cursos y de la actividad de los instructores.<\/li>\n<li>Participaci\u00f3n en \u00f3rganos de representaci\u00f3n y participaci\u00f3n. El CCR es miembro de la Junta de Gobierno de la Academia. Es miembro nato del Consejo Espa\u00f1ol de Resucitaci\u00f3n Cardiopulmonar (CERCP) formando parte de grupos de trabajo del CERP y del ERC. Asesora respecto de la actividad formadora en el Departamento de Salud (Plan de Enfermedades cardiovasculares) y la Subdirecci\u00f3n General de Planificaci\u00f3n y Desarrollo profesional del Departament de Salut (antiguo Instituto de Estudios de la Salud). Tiene establecidos convenios de colaboraci\u00f3n o acuerdos con diversas entidades (Instituto Catal\u00e1n de la Salud, Sistema de Emergencias M\u00e9dicas, Cruz Roja de Catalu\u00f1a, etc.), universidades, facultades de medicina e enfermer\u00eda (Girona, Rovira i Virgili, U. Internacional de Catalunya, F. Universitaria del Bages, Tecnocampus de Matar\u00f3, etc.). Asimismo establece convenios con empresas y centros que quieren efectuar docencia en soporte vital, incorpor\u00e1ndolas como empresas colaboradoras del CCR.<\/li>\n<li>Realiza la memoria anual que se presentada al Consejo y que se publica en la web.<\/li>\n<\/ol>\n","protected":false},"excerpt":{"rendered":"<p>\u00bfQui\u00e9n somos? En septiembre de 2003 se firm\u00f3 un acuerdo entre las Sociedades cient\u00edficas de Anestesia y Reanimaci\u00f3n, de Cardiolog\u00eda, de Medicina Intensiva y cr\u00edtica, de Medicina Familiar y Comunitaria, de Urgencias y Emergencias y de Pediatr\u00eda que pertenecen al Acad\u00e8mia de Ci\u00e8ncies M\u00e8diques i de la Salut de Catalunya i de Balears, por el &hellip; <a href=\"https:\/\/ccr.cat\/es\/consell-catala-de-ressuscitacio\/\" class=\"more-link\">Seguir leyendo <span class=\"screen-reader-text\">CONSELL CATAL\u00c0 DE RESSUSCITACI\u00d3<\/span> <span class=\"meta-nav\">&rarr;<\/span><\/a><\/p>\n","protected":false},"author":1,"featured_media":0,"parent":0,"menu_order":4,"comment_status":"closed","ping_status":"closed","template":"page-100.php","meta":{"_acf_changed":false,"footnotes":""},"class_list":["post-1247","page","type-page","status-publish","hentry"],"acf":[],"_links":{"self":[{"href":"https:\/\/ccr.cat\/es\/wp-json\/wp\/v2\/pages\/1247","targetHints":{"allow":["GET"]}}],"collection":[{"href":"https:\/\/ccr.cat\/es\/wp-json\/wp\/v2\/pages"}],"about":[{"href":"https:\/\/ccr.cat\/es\/wp-json\/wp\/v2\/types\/page"}],"author":[{"embeddable":true,"href":"https:\/\/ccr.cat\/es\/wp-json\/wp\/v2\/users\/1"}],"replies":[{"embeddable":true,"href":"https:\/\/ccr.cat\/es\/wp-json\/wp\/v2\/comments?post=1247"}],"version-history":[{"count":4,"href":"https:\/\/ccr.cat\/es\/wp-json\/wp\/v2\/pages\/1247\/revisions"}],"predecessor-version":[{"id":1274,"href":"https:\/\/ccr.cat\/es\/wp-json\/wp\/v2\/pages\/1247\/revisions\/1274"}],"wp:attachment":[{"href":"https:\/\/ccr.cat\/es\/wp-json\/wp\/v2\/media?parent=1247"}],"curies":[{"name":"wp","href":"https:\/\/api.w.org\/{rel}","templated":true}]}}